{"id":463,"date":"2017-01-25T14:58:02","date_gmt":"2017-01-25T13:58:02","guid":{"rendered":"http:\/\/www.jardin5sens.net\/en\/?page_id=463"},"modified":"2024-06-26T16:32:06","modified_gmt":"2024-06-26T14:32:06","slug":"garden-shop","status":"publish","type":"page","link":"https:\/\/www.jardin5sens.net\/en\/garden-shop\/","title":{"rendered":"Garden shop"},"content":{"rendered":"<div id='full_slider_1'  class='avia-fullwidth-slider main_color avia-shadow   avia-builder-el-0  el_before_av_textblock  avia-builder-el-first   container_wrap fullsize' style=' '  ><div   data-size='no scaling'  data-lightbox_size='large'  data-animation='slide'  data-conditional_play=''  data-ids='365,364,466'  data-video_counter='0'  data-autoplay='true'  data-bg_slider='false'  data-slide_height=''  data-handle='av_slideshow_full'  data-interval='3'  data-class=' '  data-el_id=''  data-css_id=''  data-scroll_down=''  data-control_layout='av-control-default'  data-custom_markup=''  data-perma_caption=''  data-autoplay_stopper=''  data-image_attachment=''  data-min_height='0px'  data-src=''  data-position='top left'  data-repeat='no-repeat'  data-attach='scroll'  data-stretch=''  class='avia-slideshow avia-slideshow-1  av-control-default av-default-height-applied avia-slideshow-no scaling av_slideshow_full   avia-slide-slider '  itemprop=\"image\" itemscope=\"itemscope\" itemtype=\"https:\/\/schema.org\/ImageObject\" ><ul class='avia-slideshow-inner ' style='padding-bottom: 66.666666666667%;' ><li  class=' slide-1 ' ><div data-rel='slideshow-1' class='avia-slide-wrap '   ><img src='https:\/\/www.jardin5sens.net\/en\/wp-content\/uploads\/boutique-web3.png' width='1500' height='1000' title='boutique-web3' alt=''  itemprop=\"thumbnailUrl\"   \/><\/div><\/li><li  class=' slide-2 ' ><div data-rel='slideshow-1' class='avia-slide-wrap '   ><img src='https:\/\/www.jardin5sens.net\/en\/wp-content\/uploads\/boutique-web1.png' width='1500' height='1000' title='boutique-web1' alt=''  itemprop=\"thumbnailUrl\"   \/><\/div><\/li><li  class=' slide-3 ' ><div data-rel='slideshow-1' class='avia-slide-wrap '   ><img src='https:\/\/www.jardin5sens.net\/en\/wp-content\/uploads\/boutiqueweb2-1500x430.png' width='1500' height='430' title='boutiqueweb2-1500x430' alt=''  itemprop=\"thumbnailUrl\"   \/><\/div><\/li><\/ul><div class='avia-slideshow-arrows avia-slideshow-controls'><a href='#prev' class='prev-slide' aria-hidden='true' data-av_icon='\ue87c' data-av_iconfont='entypo-fontello'>Pr\u00e9c\u00e9dent<\/a><a href='#next' class='next-slide' aria-hidden='true' data-av_icon='\ue87d' data-av_iconfont='entypo-fontello'>Suivant<\/a><\/div><div class='avia-slideshow-dots avia-slideshow-controls'><a href='#1' class='goto-slide active' >1<\/a><a href='#2' class='goto-slide ' >2<\/a><a href='#3' class='goto-slide ' >3<\/a><\/div><\/div><\/div><div id='after_full_slider_1'  class='main_color av_default_container_wrap container_wrap fullsize' style=' '  ><div class='container' ><div class='template-page content  av-content-full alpha units'><div class='post-entry post-entry-type-page post-entry-463'><div class='entry-content-wrapper clearfix'>\n<section class=\"av_textblock_section \"  itemscope=\"itemscope\" itemtype=\"https:\/\/schema.org\/CreativeWork\" ><div class='avia_textblock  '   itemprop=\"text\" ><div id=\"gt-res-content\">\n<h2 dir=\"ltr\"><span id=\"result_box\" class=\"\" lang=\"en\"><span title=\"Une boutique \u00e0\u00a0l'esprit jardin \"><span style=\"color: #008000;\">A shop with a garden spirit<\/span><br \/>\n<\/span><\/span><\/h2>\n<p dir=\"ltr\"><span id=\"result_box\" class=\"\" lang=\"en\"><span title=\"Une boutique \u00e0\u00a0l'esprit jardin \"><br \/>\n<\/span><span title=\"Depuis quelque temps, la\u00a0boutique est d\u00e9sormais ouverte \u00e0 tous.\">The shop is open from april to october !\u00a0<\/span><span title=\"Vous trouverez les produits minutieusement choisis pour vous selon les saisons : march\u00e9 aux plantes, produits du terroirs, librairie sp\u00e9cialis\u00e9e ou encore\u00a0jeux \u00e9ducatifs pour enfants... vous y trouverez certainement vos id\u00e9es cadeaux\u00a0! \">You will find products meticulously chosen for you according to the seasons: market with plants, local products, specialized bookstore or even educational games for children &#8230; you will certainly find your gift ideas!<\/span><\/span><\/p>\n<\/div>\n<p id=\"gt-res-tools\">\n<p id=\"gt-form-c\">\n<form id=\"gt-form\" action=\"\/\" enctype=\"application\/x-www-form-urlencoded\" method=\"post\" name=\"text_form\">\n<div id=\"gt-text-all\"><\/div>\n<\/form>\n<\/div><\/section>\n<section class=\"av_textblock_section \"  itemscope=\"itemscope\" itemtype=\"https:\/\/schema.org\/CreativeWork\" ><div class='avia_textblock  '   itemprop=\"text\" ><div><\/div>\n<div id=\"gt-res-c\" class=\"g-unit\">\n<div id=\"gt-res-p\">\n<div id=\"gt-res-data\">\n<div id=\"gt-res-wrap\">\n<div id=\"gt-res-content\">\n<h3 dir=\"ltr\"><span id=\"result_box\" class=\"\" lang=\"en\"><span style=\"color: #008080;\">AQUARIA, the perfumed product range\u00a0inspired by a rose &#8230;<\/span><br \/>\n<\/span><\/h3>\n<p dir=\"ltr\"><span id=\"result_box\" class=\"\" lang=\"en\"><br \/>\n<img loading=\"lazy\" decoding=\"async\" class=\"alignleft wp-image-467 size-medium\" src=\"http:\/\/www.jardin5sens.net\/en\/wp-content\/uploads\/aquaria-225x300.jpg\" width=\"225\" height=\"300\" srcset=\"https:\/\/www.jardin5sens.net\/en\/wp-content\/uploads\/aquaria-225x300.jpg 225w, https:\/\/www.jardin5sens.net\/en\/wp-content\/uploads\/aquaria-60x80.jpg 60w, https:\/\/www.jardin5sens.net\/en\/wp-content\/uploads\/aquaria.jpg 340w\" sizes=\"auto, (max-width: 225px) 100vw, 225px\" \/>Imagined and designed by the Masters perfumers from Grasse, <span style=\"color: #008080;\"><strong>Aquaria is an exclusivity of the Garden of the Five Senses<\/strong><\/span>. The eau de toilette, the scented candle and the shea butter soap have become the must-have of our shop.<\/span><\/p>\n<p><strong><span style=\"color: #008080;\"><em>Tribute to Rosa rugosa &lsquo;Blanc Double de Coubert&rsquo;<\/em><\/span><\/strong> &#8230; This rose has been chosen since the creation of the Garden of the Five Senses for its rusticity and its prolonged flowering. <span class=\"\">Quickly, the perfume of its flowers attracts the attention of all visitors: this is how the eau de toilette was born, as a tribute to this emblematic white rose with a particularly intense and elegant fragrance.<\/span><\/p>\n<p><em><strong><span style=\"color: #008080;\">Aquaria, Aquou\u00e8re, Evou\u00e8re &#8230; Yvoire<\/span><\/strong><\/em>. <span class=\"\">As if to remind a distant history, the range bears the ancient medieval name of the village.\u00a0<\/span><\/p>\n<\/div>\n<\/div>\n<\/div>\n<\/div>\n<\/div>\n<\/div><\/section>\n<div   class='hr hr-default   avia-builder-el-3  el_after_av_textblock  el_before_av_textblock '><span class='hr-inner ' ><span class='hr-inner-style'><\/span><\/span><\/div>\n<section class=\"av_textblock_section \"  itemscope=\"itemscope\" itemtype=\"https:\/\/schema.org\/CreativeWork\" ><div class='avia_textblock  '   itemprop=\"text\" ><h3><span style=\"color: #008080;\"><img loading=\"lazy\" decoding=\"async\" class=\"wp-image-5217 size-medium alignleft\" src=\"https:\/\/www.jardin5sens.net\/en\/wp-content\/uploads\/Couverture_livre-225x300.jpg\" alt=\"couverture livre\" width=\"225\" height=\"300\" srcset=\"https:\/\/www.jardin5sens.net\/en\/wp-content\/uploads\/Couverture_livre-225x300.jpg 225w, https:\/\/www.jardin5sens.net\/en\/wp-content\/uploads\/Couverture_livre-773x1030.jpg 773w, https:\/\/www.jardin5sens.net\/en\/wp-content\/uploads\/Couverture_livre-60x80.jpg 60w, https:\/\/www.jardin5sens.net\/en\/wp-content\/uploads\/Couverture_livre-768x1024.jpg 768w, https:\/\/www.jardin5sens.net\/en\/wp-content\/uploads\/Couverture_livre-1152x1536.jpg 1152w, https:\/\/www.jardin5sens.net\/en\/wp-content\/uploads\/Couverture_livre-1536x2048.jpg 1536w, https:\/\/www.jardin5sens.net\/en\/wp-content\/uploads\/Couverture_livre-1125x1500.jpg 1125w, https:\/\/www.jardin5sens.net\/en\/wp-content\/uploads\/Couverture_livre-529x705.jpg 529w, https:\/\/www.jardin5sens.net\/en\/wp-content\/uploads\/Couverture_livre-scaled.jpg 1920w\" sizes=\"auto, (max-width: 225px) 100vw, 225px\" \/><\/span><\/h3>\n<h3><span style=\"color: #008080;\">The bilingual book \u00ab\u00a0LE JARDIN DES CINQ SENS\u00a0\u00bb\u00a0<\/span><\/h3>\n<p>Immerse yourself in the world of the Jardin des Cinq Sens d&rsquo;Yvoire with this richly illustrated book, a real invitation to discover and escape.<\/p>\n<p>Explore the Jardin des Cinq Sens through the pages of this book. Richly illustrated, this book brings together more than 80 photographs taken by a variety of talented photographers. Text in French and English.<\/p>\n<h3>18.50\u20ac<\/h3>\n<\/div><\/section>\n","protected":false},"excerpt":{"rendered":"","protected":false},"author":2,"featured_media":0,"parent":0,"menu_order":9,"comment_status":"closed","ping_status":"closed","template":"","meta":{"_seopress_robots_primary_cat":"","_seopress_titles_title":"","_seopress_titles_desc":"A shop with garden spirit open to all ! plants, seeds, local gourmandise, organic herbs, educational game for kids, natural wellness products...","_seopress_robots_index":"","footnotes":""},"class_list":["post-463","page","type-page","status-publish","hentry"],"_links":{"self":[{"href":"https:\/\/www.jardin5sens.net\/en\/wp-json\/wp\/v2\/pages\/463","targetHints":{"allow":["GET"]}}],"collection":[{"href":"https:\/\/www.jardin5sens.net\/en\/wp-json\/wp\/v2\/pages"}],"about":[{"href":"https:\/\/www.jardin5sens.net\/en\/wp-json\/wp\/v2\/types\/page"}],"author":[{"embeddable":true,"href":"https:\/\/www.jardin5sens.net\/en\/wp-json\/wp\/v2\/users\/2"}],"replies":[{"embeddable":true,"href":"https:\/\/www.jardin5sens.net\/en\/wp-json\/wp\/v2\/comments?post=463"}],"version-history":[{"count":14,"href":"https:\/\/www.jardin5sens.net\/en\/wp-json\/wp\/v2\/pages\/463\/revisions"}],"predecessor-version":[{"id":5218,"href":"https:\/\/www.jardin5sens.net\/en\/wp-json\/wp\/v2\/pages\/463\/revisions\/5218"}],"wp:attachment":[{"href":"https:\/\/www.jardin5sens.net\/en\/wp-json\/wp\/v2\/media?parent=463"}],"curies":[{"name":"wp","href":"https:\/\/api.w.org\/{rel}","templated":true}]}}