{"id":456,"date":"2017-01-24T17:01:17","date_gmt":"2017-01-24T16:01:17","guid":{"rendered":"http:\/\/www.jardin5sens.net\/en\/?page_id=456"},"modified":"2025-10-09T16:25:33","modified_gmt":"2025-10-09T14:25:33","slug":"group-visit","status":"publish","type":"page","link":"https:\/\/www.jardin5sens.net\/en\/group-visit\/","title":{"rendered":"Group visit"},"content":{"rendered":"<div id='full_slider_1'  class='avia-fullwidth-slider main_color avia-shadow   avia-builder-el-0  el_before_av_one_full  avia-builder-el-first   container_wrap fullsize' style=' '  ><div   data-size='featured'  data-lightbox_size='large'  data-animation='slide'  data-conditional_play=''  data-ids='363'  data-video_counter='0'  data-autoplay='false'  data-bg_slider='false'  data-slide_height=''  data-handle='av_slideshow_full'  data-interval='5'  data-class=' '  data-el_id=''  data-css_id=''  data-scroll_down=''  data-control_layout='av-control-default'  data-custom_markup=''  data-perma_caption=''  data-autoplay_stopper=''  data-image_attachment=''  data-min_height='0px'  data-src=''  data-position='top left'  data-repeat='no-repeat'  data-attach='scroll'  data-stretch=''  data-default-height='28.666666666667'  class='avia-slideshow avia-slideshow-1  av-control-default av-default-height-applied avia-slideshow-featured av_slideshow_full   avia-slide-slider '  itemprop=\"image\" itemscope=\"itemscope\" itemtype=\"https:\/\/schema.org\/ImageObject\" ><ul class='avia-slideshow-inner ' style='padding-bottom: 28.666666666667%;' ><li  class=' av-single-slide slide-1 ' ><div data-rel='slideshow-1' class='avia-slide-wrap '   ><img src='https:\/\/www.jardin5sens.net\/en\/wp-content\/uploads\/Visite-guid\u00e9e-groupes-adultes-1500x430.png' width='1500' height='430' title='visite-guidee-groupes-adultes' alt=''  itemprop=\"thumbnailUrl\"   \/><\/div><\/li><\/ul><\/div><\/div><div id='after_full_slider_1'  class='main_color av_default_container_wrap container_wrap fullsize' style=' '  ><div class='container' ><div class='template-page content  av-content-full alpha units'><div class='post-entry post-entry-type-page post-entry-456'><div class='entry-content-wrapper clearfix'>\n<div class=\"flex_column av_one_full  flex_column_div av-zero-column-padding first  avia-builder-el-1  el_after_av_slideshow_full  el_before_av_textblock  avia-builder-el-first  \" style='border-radius:0px; '><section class=\"av_textblock_section \"  itemscope=\"itemscope\" itemtype=\"https:\/\/schema.org\/CreativeWork\" ><div class='avia_textblock  av_inherit_color '  style='color:#347c6c; '  itemprop=\"text\" ><h1><span style=\"color: #008000;\">Group Visit <em>(more than 12 persons)<\/em><\/span><\/h1>\n<div id=\"gt-res-content\">\n<h1 dir=\"ltr\" style=\"text-align: center;\"><\/h1>\n<\/div>\n<\/div><\/section><\/div>\n<section class=\"av_textblock_section \"  itemscope=\"itemscope\" itemtype=\"https:\/\/schema.org\/CreativeWork\" ><div class='avia_textblock  '   itemprop=\"text\" ><div id=\"gt-res-content\">\n<p dir=\"ltr\" style=\"text-align: center;\"><span id=\"result_box\" class=\"\" lang=\"en\"><em><span title=\"Jardin entretenu avec passion depuis plus de 30 ans, le Jardin des Cinq Sens est devenu au fil du temps, un lieu incontournable de Haute-Savoie.\">Garden maintained with passion for more than 30 years, the Garden of the Five Senses has become over time, an unmissable place of Haute-Savoie. <\/span><\/em><span title=\"Pr\u00e9voir sa visite lors d'une journ\u00e9e en groupe est la garantie d'une activit\u00e9 originale de qualit\u00e9 et l'assurance d'une v\u00e9ritable d\u00e9couverte pour tous types de visiteurs. \"><em>Planning a group visit during a stay\u00a0is the guarantee of an original activity of quality and the assurance of a real discovery for all types of visitors.<\/em><\/span><\/span><\/p>\n<div dir=\"ltr\"><\/div>\n<div dir=\"ltr\"><\/div>\n<\/div>\n<div id=\"gt-res-content\">\n<h3 dir=\"ltr\" style=\"text-align: center;\"><span id=\"result_box\" class=\"\" lang=\"en\"><span title=\"Contactez-nous d\u00e8s \u00e0 pr\u00e9sent par mail ou t\u00e9l\u00e9phone pour tous renseignements ou pour r\u00e9server : +33 (0)4 50 72 88 80 ou mail@jardin5sens.net \">Contact us by e-mail or phone for any information or to book a group visit: +33 (0) 4 50 72 88 80 or <a href=\"https:\/\/www.jardin5sens.net\/en\/contact-us\/\">send us an email<\/a><\/span><\/span><\/h3>\n<\/div>\n<div id=\"gt-res-content\"><\/div>\n<\/div><\/section>\n<div  class='avia-button-wrap avia-button-center  avia-builder-el-4  el_after_av_textblock  el_before_av_heading ' ><a href='https:\/\/www.jardin5sens.net\/en\/wp-content\/uploads\/Jardin-des-Cinq-Sens-Groups_2026_light_EN.pdf'  class='avia-button   avia-icon_select-yes-left-icon avia-color-theme-color avia-size-large avia-position-center '  target=\"_blank\"   ><span class='avia_button_icon avia_button_icon_left ' aria-hidden='true' data-av_icon='\ue82e' data-av_iconfont='entypo-fontello'><\/span><span class='avia_iconbox_title' >Download prices and brochure<\/span><\/a><\/div>\n<div  style='padding-bottom:10px; ' class='av-special-heading av-special-heading-h2    avia-builder-el-5  el_after_av_button  el_before_av_two_third  '><h2 class='av-special-heading-tag '  itemprop=\"headline\"  >Adult group visit<\/h2><div class='special-heading-border'><div class='special-heading-inner-border' ><\/div><\/div><\/div>\n<div class=\"flex_column av_two_third  flex_column_div av-zero-column-padding first  avia-builder-el-6  el_after_av_heading  el_before_av_one_third  \" style='border-radius:0px; '><section class=\"av_textblock_section \"  itemscope=\"itemscope\" itemtype=\"https:\/\/schema.org\/CreativeWork\" ><div class='avia_textblock  '   itemprop=\"text\" ><div id=\"gt-res-content\">\n<p style=\"text-align: left;\"><span title=\"Visites groupes adultesChaque groupe est accueilli par un membre de l'\u00e9quipe pour une introduction \u00e0 la visite afin de comprendre les lieux.\">Each group is greeted by a member of the team for <span style=\"color: #008080;\"><strong>an introduction to the garden\u00a0to understand the place<\/strong><\/span>. <\/span><span title=\"D\u00e8s leur arriv\u00e9e chaque participant re\u00e7oit un plan explicatif.\">Upon arrival each participant receives an <span style=\"color: #008080;\"><strong>explanatory map<\/strong><\/span>. <\/span><span title=\"Sur le parcours, les visiteurs rencontrent r\u00e9guli\u00e8rement des jardiniers qui partagent volontiers leur passion ainsi que leurs connaissances.\">On the course, visitors regularly meet gardeners who willingly share their passion and knowledge. <\/span><span style=\"color: #008080;\"><strong><span title=\"Une visite du jardin en groupe dure en moyenne 1h. \">A visit of the garden in group lasts on average 1h.<\/span><\/strong><\/span><\/p>\n<p><span title=\"Si vous souhaitez l'option visite guid\u00e9e, pr\u00e9cisez votre demande d\u00e8s que possible afin que nous puissions r\u00e9server un guide.\"><span style=\"color: #008080;\"><strong>If you want the guided tour option<\/strong><\/span>, please specify your request as soon as possible so that we can book a guide. <\/span><span title=\"Pr\u00e9voyez alors 1h30 de visite pour 25 personnes et choisissez votre formule : \u00a0\u00a0\u00a0\u00a0\">Allow 1h30 of visits for 25 people and choose your formula:<\/span><\/p>\n<p><span title=\"VISITE 100% JARDIN : accompagn\u00e9s sur l'ensemble de votre visite, vous conna\u00eetrez ainsi tous les secrets de ce lieu d'exception.\"><span style=\"color: #008080;\"><strong>\u00ab\u00a0100% GARDEN\u00a0\u00bb GUIDED TOUR<\/strong><\/span>: accompanied on the whole of your visit, you will thus know all the secrets of this exceptional\u00a0garden. <\/span><span title=\"Gestes de jardinage ou curiosit\u00e9s botaniques seront au rendez-vous.\">Gardening gestures or botanical curiosities will be at the rendezvous. <\/span><span title=\"Nos guides \u00e9tant tr\u00e8s demand\u00e9s, n'h\u00e9sitez pas \u00e0 nous contacter au plus vite pour v\u00e9rifier les disponibilit\u00e9s : +33 (0)4 50 72 88 80 ou mail@jardin5sens.net \u00a0\u00a0\u00a0\u00a0\">Our guides are in great demand, do not hesitate to contact us as soon as possible to check availability: +33 (0) 4 50 72 88 80 or <a href=\"mailto:contact@jardin5sens.net\">send us an email<\/a><\/span><\/p>\n<p><span title=\"VISITE \"><span style=\"color: #008080;\"><strong>\u00ab\u00a0VILLAGE + GARDEN\u00a0\u00bb GUIDED TOUR<\/strong><\/span>: first of all, start your visit in the heart of the village to go back in time. <\/span><span title=\"Plongez dans l'Histoire de la cit\u00e9 m\u00e9di\u00e9vale avant de passer le pas du jardin pour un moment de d\u00e9couverte du monde v\u00e9g\u00e9tal.\">Dive into the history of the medieval city before passing the garden step for a moment of discovery of the vegetal world. <\/span><span title=\"Pour tous renseignements concernant cette formule, contactez l'office du tourisme d'Yvoire au +33 (0)4 50 72 80 21 ou par mail \u00e0 info@ot-yvoire.fr.\">For any information concerning this formula, contact the tourist office of Yvoire on +33 (0) 4 50 72 80 21 or by email at <a href=\"mailto:receptif@destination-leman.com\">receptif@destination-leman.com<\/a><\/span><\/p>\n<\/div>\n<p id=\"gt-res-tools\">\n<div id=\"gt-text-all\"><\/div>\n<\/div><\/section><\/div>\n<div class=\"flex_column av_one_third  flex_column_div av-zero-column-padding   avia-builder-el-8  el_after_av_two_third  el_before_av_heading  \" style='border-radius:0px; '><div  class='avia-image-container  av-styling-    avia-builder-el-9  avia-builder-el-no-sibling  avia-align-center '  itemprop=\"image\" itemscope=\"itemscope\" itemtype=\"https:\/\/schema.org\/ImageObject\"  ><div class='avia-image-container-inner'><div class='avia-image-overlay-wrap'><img class='avia_image' src='https:\/\/www.jardin5sens.net\/en\/wp-content\/uploads\/DSCN1710-1030x773.jpg' alt='dscn1710' title='dscn1710' height=\"773\" width=\"1030\"  itemprop=\"thumbnailUrl\"  \/><\/div><\/div><\/div><\/div>\n<div  style='padding-bottom:10px; ' class='av-special-heading av-special-heading-h2    avia-builder-el-10  el_after_av_one_third  el_before_av_one_third  '><h2 class='av-special-heading-tag '  itemprop=\"headline\"  >School and children group visit<\/h2><div class='special-heading-border'><div class='special-heading-inner-border' ><\/div><\/div><\/div>\n<div class=\"flex_column av_one_third  flex_column_div av-zero-column-padding first  avia-builder-el-11  el_after_av_heading  el_before_av_two_third  \" style='border-radius:0px; '><div  class='avia-image-container  av-styling-    avia-builder-el-12  avia-builder-el-no-sibling  avia-align-center '  itemprop=\"image\" itemscope=\"itemscope\" itemtype=\"https:\/\/schema.org\/ImageObject\"  ><div class='avia-image-container-inner'><div class='avia-image-overlay-wrap'><img class='avia_image' src='https:\/\/www.jardin5sens.net\/en\/wp-content\/uploads\/garden-5-senses-yvoire-kids-1030x1030.jpg' alt='' title='garden-5-senses-yvoire-kids' height=\"1030\" width=\"1030\"  itemprop=\"thumbnailUrl\"  \/><\/div><\/div><\/div><\/div>\n<div class=\"flex_column av_two_third  flex_column_div av-zero-column-padding   avia-builder-el-13  el_after_av_one_third  avia-builder-el-last  \" style='border-radius:0px; '><section class=\"av_textblock_section \"  itemscope=\"itemscope\" itemtype=\"https:\/\/schema.org\/CreativeWork\" ><div class='avia_textblock  '   itemprop=\"text\" ><div id=\"gt-res-content\">\n<p style=\"text-align: left;\"><em style=\"color: #008000;\"><strong><span title=\"La visite du Jardin pour est une activit\u00e9 particuli\u00e8rement passionnante et riche en d\u00e9couvertes pour les enfants : \u00e9veil des sens, initiation au jardinage, \u00e9cologie et biodiversit\u00e9 ou encore la vie au Moyen \u00c2ge, la visite est toujours adapt\u00e9e \u00e0 l'\u00e2ge des enfants et selon\">The visit of the Garden is a particularly exciting activity and rich in discoveries for children: awakening of the senses, initiation to gardening, ecology and biodiversity or life in the Middle Ages.<\/span><\/strong><\/em><\/p>\n<p><span title=\"D\u00e8s votre arriv\u00e9e, un membre de l'\u00e9quipe est l\u00e0 pour une premi\u00e8re introduction permettant d'installer la th\u00e9matique.\">Upon your arrival, a member of the team is there for <span style=\"color: #008000;\"><strong>a first introduction to install the theme<\/strong><\/span>. <\/span><span title=\"Dans un second temps la visite continue en petits groupes avec le quizz d\u00e9couverte.\">In a second time <span title=\"Dans un second de petits groupes sont constitu\u00e9s pour continuer la visit de mani\u00e8re autonome (accompagn\u00e9 par les adultes qui encadrent votre sortie).\"><span style=\"color: #008000;\"><strong>small teams\u00a0are constituted to visit in an autonomous way<\/strong><\/span> (accompanied by the adults who supervise\u00a0your trip). <\/span><span title=\"Le quizz d\u00e9couverte sert de support de visite.\">The <span style=\"color: #008000;\"><strong>discovery quiz<\/strong><\/span>\u00a0(available in many languages) serves as a visiting support.\u00a0<\/span><\/span><span title=\"Chacune \u00e9volue \u00e0 son rythme et en autonomie... Qui trouvera la douce \">Each team\u00a0evolves at its own pace&#8230; Who will find the soft \u00ab\u00a0Ear of Bear\u00a0\u00bb, the plant smelling\u00a0pineapple or the one with the smell of chewing gum?<\/span><\/p>\n<p><span title=\"Par souci de qualit\u00e9, nous recevons les groupes de plus de 30 enfants en plusieurs cessions espac\u00e9es de 45 minutes. \">For reasons of quality, <span style=\"color: #008000;\"><strong>we receive groups of more than 30 children in several sessions\u00a0spaced by 45 minutes<\/strong><\/span>.<\/span><\/p>\n<p><span title=\"Contactez l'\u00e9quipe pour pr\u00e9parer votre visite, r\u00e9servez la p\u00e9riode qui vous convient le mieux ou encore pour venir en rep\u00e9rage avant votre visite : mail@jardin5sens.net \"><a href=\"https:\/\/www.jardin5sens.net\/en\/contact-us\/\">Contact the team<\/a> to prepare your visit, book the timeframe that suits you best.<\/span><\/p>\n<p><span title=\"Et pour compl\u00e9ter votre journ\u00e9e envoyer votre projet \u00e0 info@ot-yvoire.fr ou contact@smbjuniors.com\">To complete your day or for a guided tour, send your project to <a href=\"mailto:receptif@destination-leman.com\">receptif@destination-leman.com<\/a>\u00a0or <a href=\"mailto:contact@smbjuniors.com\">contact@smbjuniors.com<\/a><\/span><\/p>\n<\/div>\n<p id=\"gt-res-tools\">\n<div id=\"gt-text-all\"><\/div>\n<\/div><\/section><\/div>\n","protected":false},"excerpt":{"rendered":"","protected":false},"author":2,"featured_media":0,"parent":0,"menu_order":8,"comment_status":"closed","ping_status":"closed","template":"","meta":{"_seopress_robots_primary_cat":"","_seopress_titles_title":"","_seopress_titles_desc":"On the french shore of Geneva Lake, discovering an exceptional garden in Yvoire - adults group visit, children and school visit, guided tours...","_seopress_robots_index":"","_seopress_analysis_target_kw":"Group visit","footnotes":""},"class_list":["post-456","page","type-page","status-publish","hentry"],"_links":{"self":[{"href":"https:\/\/www.jardin5sens.net\/en\/wp-json\/wp\/v2\/pages\/456","targetHints":{"allow":["GET"]}}],"collection":[{"href":"https:\/\/www.jardin5sens.net\/en\/wp-json\/wp\/v2\/pages"}],"about":[{"href":"https:\/\/www.jardin5sens.net\/en\/wp-json\/wp\/v2\/types\/page"}],"author":[{"embeddable":true,"href":"https:\/\/www.jardin5sens.net\/en\/wp-json\/wp\/v2\/users\/2"}],"replies":[{"embeddable":true,"href":"https:\/\/www.jardin5sens.net\/en\/wp-json\/wp\/v2\/comments?post=456"}],"version-history":[{"count":26,"href":"https:\/\/www.jardin5sens.net\/en\/wp-json\/wp\/v2\/pages\/456\/revisions"}],"predecessor-version":[{"id":5245,"href":"https:\/\/www.jardin5sens.net\/en\/wp-json\/wp\/v2\/pages\/456\/revisions\/5245"}],"wp:attachment":[{"href":"https:\/\/www.jardin5sens.net\/en\/wp-json\/wp\/v2\/media?parent=456"}],"curies":[{"name":"wp","href":"https:\/\/api.w.org\/{rel}","templated":true}]}}